{"id":474,"date":"2023-03-04T09:26:46","date_gmt":"2023-03-04T07:26:46","guid":{"rendered":"https:\/\/joyspring.se\/public\/?page_id=474"},"modified":"2026-04-27T11:01:15","modified_gmt":"2026-04-27T09:01:15","slug":"om-bandet","status":"publish","type":"page","link":"https:\/\/joyspring.se\/public\/om-bandet\/","title":{"rendered":"Om bandet"},"content":{"rendered":"<p>[et_pb_section fb_built=&#8221;1&#8243; _builder_version=&#8221;4.16&#8243; custom_padding=&#8221;||4px|||&#8221; global_colors_info=&#8221;{}&#8221;][et_pb_row _builder_version=&#8221;4.16&#8243; background_size=&#8221;initial&#8221; background_position=&#8221;top_left&#8221; background_repeat=&#8221;repeat&#8221; global_colors_info=&#8221;{}&#8221;][et_pb_column type=&#8221;4_4&#8243; _builder_version=&#8221;4.16&#8243; custom_padding=&#8221;|||&#8221; global_colors_info=&#8221;{}&#8221; custom_padding__hover=&#8221;|||&#8221;][et_pb_text admin_label=&#8221;Text&#8221; _builder_version=&#8221;4.27.6&#8243; hover_enabled=&#8221;0&#8243; z_index_tablet=&#8221;500&#8243; text_text_shadow_horizontal_length_tablet=&#8221;0px&#8221; text_text_shadow_vertical_length_tablet=&#8221;0px&#8221; text_text_shadow_blur_strength_tablet=&#8221;1px&#8221; link_text_shadow_horizontal_length_tablet=&#8221;0px&#8221; link_text_shadow_vertical_length_tablet=&#8221;0px&#8221; link_text_shadow_blur_strength_tablet=&#8221;1px&#8221; ul_text_shadow_horizontal_length_tablet=&#8221;0px&#8221; ul_text_shadow_vertical_length_tablet=&#8221;0px&#8221; ul_text_shadow_blur_strength_tablet=&#8221;1px&#8221; ol_text_shadow_horizontal_length_tablet=&#8221;0px&#8221; ol_text_shadow_vertical_length_tablet=&#8221;0px&#8221; ol_text_shadow_blur_strength_tablet=&#8221;1px&#8221; quote_text_shadow_horizontal_length_tablet=&#8221;0px&#8221; quote_text_shadow_vertical_length_tablet=&#8221;0px&#8221; quote_text_shadow_blur_strength_tablet=&#8221;1px&#8221; header_text_shadow_horizontal_length_tablet=&#8221;0px&#8221; header_text_shadow_vertical_length_tablet=&#8221;0px&#8221; header_text_shadow_blur_strength_tablet=&#8221;1px&#8221; header_2_text_shadow_horizontal_length_tablet=&#8221;0px&#8221; header_2_text_shadow_vertical_length_tablet=&#8221;0px&#8221; header_2_text_shadow_blur_strength_tablet=&#8221;1px&#8221; header_3_text_shadow_horizontal_length_tablet=&#8221;0px&#8221; header_3_text_shadow_vertical_length_tablet=&#8221;0px&#8221; header_3_text_shadow_blur_strength_tablet=&#8221;1px&#8221; header_4_text_shadow_horizontal_length_tablet=&#8221;0px&#8221; header_4_text_shadow_vertical_length_tablet=&#8221;0px&#8221; header_4_text_shadow_blur_strength_tablet=&#8221;1px&#8221; header_5_text_shadow_horizontal_length_tablet=&#8221;0px&#8221; header_5_text_shadow_vertical_length_tablet=&#8221;0px&#8221; header_5_text_shadow_blur_strength_tablet=&#8221;1px&#8221; header_6_text_shadow_horizontal_length_tablet=&#8221;0px&#8221; header_6_text_shadow_vertical_length_tablet=&#8221;0px&#8221; header_6_text_shadow_blur_strength_tablet=&#8221;1px&#8221; box_shadow_horizontal_tablet=&#8221;0px&#8221; box_shadow_vertical_tablet=&#8221;0px&#8221; box_shadow_blur_tablet=&#8221;40px&#8221; box_shadow_spread_tablet=&#8221;0px&#8221; global_colors_info=&#8221;{}&#8221; sticky_enabled=&#8221;0&#8243;]<\/p>\n<h1><span style=\"color: #ff0000;\"><strong><span style=\"color: #ba3430;\">Om bandet<\/span><br \/><\/strong><\/span><\/h1>\n<p><strong>Bandet JoySpring<\/strong> har i gr\u00e4nslandet mellan jazz, pop och soul skapat ett eget sound.<br \/>Med finurliga l\u00e5tar skrivna av Chris Bendz, varvade med coola covers, g\u00e5r JoySprings repertoar hem hos en bred publik.<br \/>N\u00e4r vi spelade p\u00e5 Stockholms jazzfestival h\u00f6sten 2024 slog vi publikrekord.<\/p>\n<p><strong>Lyssna p\u00e5 JoySpring<\/strong> &#8211; h\u00e4r p\u00e5 <strong><a href=\"https:\/\/joyspring.se\/public\/discography\/\">hemsidan<\/a><\/strong> eller p\u00e5 streaming-tj\u00e4nster, t.ex. Spotify:<br \/><a href=\"https:\/\/open.spotify.com\/artist\/4Xb1KfJA21zp88L3qEYGCD?si=lM4xLF8WTjyV9KfwAhfuhw\">https:\/\/open.spotify.com\/artist\/4Xb1KfJA21zp88L3qEYGCD?si=lM4xLF8WTjyV9KfwAhfuhw<\/a><\/p>\n<p><strong>Medlemmar<br \/><\/strong>S\u00e5ng: Chris Bendz<br \/>Trumpet, flygelhorn, munspel mm: Morgan Ternow<br \/>Gitarr: L-G Tellebo<br \/>Keyboard: Bengt \u00c5slund<br \/>Trummor: Jan Sj\u00f6sten<br \/>Bas: Johan Bendz<br \/>Ljud: Donald Wieselgren<\/p>\n<p>&nbsp;<\/p>\n<p>[\/et_pb_text][et_pb_image src=&#8221;https:\/\/joyspring.se\/public\/wp-content\/uploads\/2026\/04\/JoySpring-2026-Crop-scaled.jpg&#8221; title_text=&#8221;JoySpring 2026 Crop&#8221; _builder_version=&#8221;4.27.6&#8243; _module_preset=&#8221;default&#8221; global_colors_info=&#8221;{}&#8221;][\/et_pb_image][et_pb_text _builder_version=&#8221;4.24.2&#8243; _module_preset=&#8221;default&#8221; hover_enabled=&#8221;0&#8243; global_colors_info=&#8221;{}&#8221; sticky_enabled=&#8221;0&#8243;]<\/p>\n<p>Alla fotografier: Ellen Kraft<\/p>\n<p>[\/et_pb_text][\/et_pb_column][\/et_pb_row][\/et_pb_section]<\/p>\n","protected":false},"excerpt":{"rendered":"<p>Om bandet Bandet JoySpring har i gr\u00e4nslandet mellan jazz, pop och soul skapat ett eget sound.Med finurliga l\u00e5tar skrivna av Chris Bendz, varvade med coola covers, g\u00e5r JoySprings repertoar hem hos en bred publik.N\u00e4r vi spelade p\u00e5 Stockholms jazzfestival h\u00f6sten 2024 slog vi publikrekord. Lyssna p\u00e5 JoySpring &#8211; h\u00e4r p\u00e5 hemsidan eller p\u00e5 streaming-tj\u00e4nster, t.ex. [&hellip;]<\/p>\n","protected":false},"author":1,"featured_media":0,"parent":0,"menu_order":0,"comment_status":"closed","ping_status":"closed","template":"","meta":{"_et_pb_use_builder":"on","_et_pb_old_content":"","_et_gb_content_width":"","footnotes":""},"class_list":["post-474","page","type-page","status-publish","hentry"],"_links":{"self":[{"href":"https:\/\/joyspring.se\/public\/wp-json\/wp\/v2\/pages\/474","targetHints":{"allow":["GET"]}}],"collection":[{"href":"https:\/\/joyspring.se\/public\/wp-json\/wp\/v2\/pages"}],"about":[{"href":"https:\/\/joyspring.se\/public\/wp-json\/wp\/v2\/types\/page"}],"author":[{"embeddable":true,"href":"https:\/\/joyspring.se\/public\/wp-json\/wp\/v2\/users\/1"}],"replies":[{"embeddable":true,"href":"https:\/\/joyspring.se\/public\/wp-json\/wp\/v2\/comments?post=474"}],"version-history":[{"count":18,"href":"https:\/\/joyspring.se\/public\/wp-json\/wp\/v2\/pages\/474\/revisions"}],"predecessor-version":[{"id":849,"href":"https:\/\/joyspring.se\/public\/wp-json\/wp\/v2\/pages\/474\/revisions\/849"}],"wp:attachment":[{"href":"https:\/\/joyspring.se\/public\/wp-json\/wp\/v2\/media?parent=474"}],"curies":[{"name":"wp","href":"https:\/\/api.w.org\/{rel}","templated":true}]}}