{"id":369,"date":"2022-06-19T13:32:50","date_gmt":"2022-06-19T11:32:50","guid":{"rendered":"https:\/\/joyspring.se\/public\/?page_id=369"},"modified":"2024-03-29T11:47:02","modified_gmt":"2024-03-29T09:47:02","slug":"skryt","status":"publish","type":"page","link":"https:\/\/joyspring.se\/public\/skryt\/","title":{"rendered":"Skryt"},"content":{"rendered":"<p>[et_pb_section fb_built=&#8221;1&#8243; _builder_version=&#8221;4.16&#8243; custom_padding=&#8221;||4px|||&#8221; global_colors_info=&#8221;{}&#8221;][et_pb_row _builder_version=&#8221;4.16&#8243; background_size=&#8221;initial&#8221; background_position=&#8221;top_left&#8221; background_repeat=&#8221;repeat&#8221; global_colors_info=&#8221;{}&#8221;][et_pb_column type=&#8221;4_4&#8243; _builder_version=&#8221;4.16&#8243; custom_padding=&#8221;|||&#8221; global_colors_info=&#8221;{}&#8221; custom_padding__hover=&#8221;|||&#8221;][et_pb_text admin_label=&#8221;Text&#8221; _builder_version=&#8221;4.24.2&#8243; z_index_tablet=&#8221;500&#8243; text_text_shadow_horizontal_length_tablet=&#8221;0px&#8221; text_text_shadow_vertical_length_tablet=&#8221;0px&#8221; text_text_shadow_blur_strength_tablet=&#8221;1px&#8221; link_text_shadow_horizontal_length_tablet=&#8221;0px&#8221; link_text_shadow_vertical_length_tablet=&#8221;0px&#8221; link_text_shadow_blur_strength_tablet=&#8221;1px&#8221; ul_text_shadow_horizontal_length_tablet=&#8221;0px&#8221; ul_text_shadow_vertical_length_tablet=&#8221;0px&#8221; ul_text_shadow_blur_strength_tablet=&#8221;1px&#8221; ol_text_shadow_horizontal_length_tablet=&#8221;0px&#8221; ol_text_shadow_vertical_length_tablet=&#8221;0px&#8221; ol_text_shadow_blur_strength_tablet=&#8221;1px&#8221; quote_text_shadow_horizontal_length_tablet=&#8221;0px&#8221; quote_text_shadow_vertical_length_tablet=&#8221;0px&#8221; quote_text_shadow_blur_strength_tablet=&#8221;1px&#8221; header_text_shadow_horizontal_length_tablet=&#8221;0px&#8221; header_text_shadow_vertical_length_tablet=&#8221;0px&#8221; header_text_shadow_blur_strength_tablet=&#8221;1px&#8221; header_2_text_shadow_horizontal_length_tablet=&#8221;0px&#8221; header_2_text_shadow_vertical_length_tablet=&#8221;0px&#8221; header_2_text_shadow_blur_strength_tablet=&#8221;1px&#8221; header_3_text_shadow_horizontal_length_tablet=&#8221;0px&#8221; header_3_text_shadow_vertical_length_tablet=&#8221;0px&#8221; header_3_text_shadow_blur_strength_tablet=&#8221;1px&#8221; header_4_text_shadow_horizontal_length_tablet=&#8221;0px&#8221; header_4_text_shadow_vertical_length_tablet=&#8221;0px&#8221; header_4_text_shadow_blur_strength_tablet=&#8221;1px&#8221; header_5_text_shadow_horizontal_length_tablet=&#8221;0px&#8221; header_5_text_shadow_vertical_length_tablet=&#8221;0px&#8221; header_5_text_shadow_blur_strength_tablet=&#8221;1px&#8221; header_6_text_shadow_horizontal_length_tablet=&#8221;0px&#8221; header_6_text_shadow_vertical_length_tablet=&#8221;0px&#8221; header_6_text_shadow_blur_strength_tablet=&#8221;1px&#8221; box_shadow_horizontal_tablet=&#8221;0px&#8221; box_shadow_vertical_tablet=&#8221;0px&#8221; box_shadow_blur_tablet=&#8221;40px&#8221; box_shadow_spread_tablet=&#8221;0px&#8221; global_colors_info=&#8221;{}&#8221;]<\/p>\n<h1><span style=\"color: #ff0000;\"><strong><span style=\"color: #ba3430;\">Blandat skryt<\/span><br \/><\/strong><\/span><\/h1>\n<p>H\u00e4r kommer lite omd\u00f6men, foton och n\u00e5gon video.<\/p>\n<p>[\/et_pb_text][\/et_pb_column][\/et_pb_row][et_pb_row admin_label=&#8221;Solstugan&#8221; _builder_version=&#8221;4.23.1&#8243; _module_preset=&#8221;default&#8221; global_colors_info=&#8221;{}&#8221;][et_pb_column type=&#8221;4_4&#8243; _builder_version=&#8221;4.17.4&#8243; _module_preset=&#8221;default&#8221; global_colors_info=&#8221;{}&#8221;][et_pb_text _builder_version=&#8221;4.24.2&#8243; _module_preset=&#8221;default&#8221; hover_enabled=&#8221;0&#8243; global_colors_info=&#8221;{}&#8221; sticky_enabled=&#8221;0&#8243;]<\/p>\n<hr \/>\n<h2><strong><span style=\"color: #ba3430;\">JoySpring p\u00e5 Solstugan 14 jui 2023<\/span><br \/><\/strong><\/h2>\n<p>[\/et_pb_text][et_pb_video src=&#8221;https:\/\/joyspring.se\/public\/wp-content\/uploads\/2023\/12\/JoySpring-Solstugan-230614-Fire-and-rain-2-7.mp4&#8243; image_src=&#8221;https:\/\/joyspring.se\/public\/wp-content\/uploads\/2023\/12\/JS-Solstugan-vinjett.png&#8221; font_icon=&#8221;&#x49;||divi||400&#8243; use_icon_font_size=&#8221;on&#8221; _builder_version=&#8221;4.23.1&#8243; _module_preset=&#8221;default&#8221; global_colors_info=&#8221;{}&#8221;][\/et_pb_video][et_pb_text _builder_version=&#8221;4.24.2&#8243; _module_preset=&#8221;default&#8221; hover_enabled=&#8221;0&#8243; global_colors_info=&#8221;{}&#8221; sticky_enabled=&#8221;0&#8243;]<\/p>\n<p>JoySpring spelar James Taylor&#8217;s l\u00e5t Fire and rain p\u00e5 Solstugan, Kristineberg, Stockholm. Video: Morgan Ternow.<\/p>\n<p>[\/et_pb_text][\/et_pb_column][\/et_pb_row][et_pb_row admin_label=&#8221;Hjorthagen rubrik&#8221; _builder_version=&#8221;4.23.1&#8243; _module_preset=&#8221;default&#8221; global_colors_info=&#8221;{}&#8221;][et_pb_column type=&#8221;4_4&#8243; _builder_version=&#8221;4.17.4&#8243; _module_preset=&#8221;default&#8221; global_colors_info=&#8221;{}&#8221;][et_pb_text _builder_version=&#8221;4.24.2&#8243; _module_preset=&#8221;default&#8221; global_colors_info=&#8221;{}&#8221;]<\/p>\n<hr \/>\n<h2><strong><span style=\"color: #ba3430;\">JoySpring p\u00e5 Hjorthagens jazzklubb 7 juni 2022<\/span><br \/><\/strong><\/h2>\n<p>[\/et_pb_text][\/et_pb_column][\/et_pb_row][et_pb_row column_structure=&#8221;1_2,1_2&#8243; admin_label=&#8221;Hjorthagen&#8221; _builder_version=&#8221;4.23.1&#8243; _module_preset=&#8221;default&#8221; global_colors_info=&#8221;{}&#8221;][et_pb_column type=&#8221;1_2&#8243; _builder_version=&#8221;4.17.4&#8243; _module_preset=&#8221;default&#8221; global_colors_info=&#8221;{}&#8221;][et_pb_image src=&#8221;https:\/\/joyspring.se\/public\/wp-content\/uploads\/2022\/06\/220607-JS-Hjorthagen-iSing-vocal-summit-2-1024&#215;1024.jpg&#8221; title_text=&#8221;220607 JS Hjorthagen iSing vocal summit 2&#8243; _builder_version=&#8221;4.17.4&#8243; _module_preset=&#8221;default&#8221; global_colors_info=&#8221;{}&#8221;][\/et_pb_image][et_pb_text _builder_version=&#8221;4.17.4&#8243; _module_preset=&#8221;default&#8221; global_colors_info=&#8221;{}&#8221;]<\/p>\n<p>Chris Bendz och JoySpring tillsammans med inbjudna s\u00e5ngare p\u00e5 iSing Vocal Summit: Ulla Fluur, Helena Rydh och Leena Zeitler. Foto: Julia Bendz.<\/p>\n<p>[\/et_pb_text][et_pb_text _builder_version=&#8221;4.17.4&#8243; _module_preset=&#8221;default&#8221; background_color=&#8221;#D6D6D6&#8243; custom_padding=&#8221;6px|6px|6px|6px|false|false&#8221; global_colors_info=&#8221;{}&#8221;]<\/p>\n<p><em>Uffe Flink, Jazzklubb Hjorthagen, 2022-06-07:<\/em><\/p>\n<p>Om Chris Bendz: &#8220;Hennes r\u00f6st \u00e4r n\u00e5got alldeles x-tra&#8221;<\/p>\n<p>Om JoySprings konsert: &#8220;En str\u00e5lande avslutning p\u00e5 v\u00e5rs\u00e4songen med en grym <em>Vocal Volcano<\/em> d\u00e4r Chris Bendz sj\u00f6ng l\u00e4ckert eget material, uppbackad av tighta JoySpring. F\u00f6rsta g\u00e5ngen jag h\u00f6rt denna beg\u00e5vade s\u00e5ngerska och komposit\u00f6r.&#8221;<\/p>\n<p>[\/et_pb_text][\/et_pb_column][et_pb_column type=&#8221;1_2&#8243; _builder_version=&#8221;4.17.4&#8243; _module_preset=&#8221;default&#8221; global_colors_info=&#8221;{}&#8221;][et_pb_image src=&#8221;https:\/\/joyspring.se\/public\/wp-content\/uploads\/2022\/06\/220607-JS-Chris-och-Leena.png&#8221; title_text=&#8221;220607 JS Chris och Leena&#8221; _builder_version=&#8221;4.17.4&#8243; _module_preset=&#8221;default&#8221; global_colors_info=&#8221;{}&#8221;][\/et_pb_image][et_pb_text _builder_version=&#8221;4.17.4&#8243; _module_preset=&#8221;default&#8221; global_colors_info=&#8221;{}&#8221;]<\/p>\n<p>Chris Bendz och Leena Zeitler i logen. Foto: Inger Nerman.<\/p>\n<p>[\/et_pb_text][\/et_pb_column][\/et_pb_row][et_pb_row admin_label=&#8221;Ekebyhovs slott&#8221; _builder_version=&#8221;4.23.1&#8243; _module_preset=&#8221;default&#8221; global_colors_info=&#8221;{}&#8221;][et_pb_column type=&#8221;4_4&#8243; _builder_version=&#8221;4.17.4&#8243; _module_preset=&#8221;default&#8221; global_colors_info=&#8221;{}&#8221;][et_pb_text _builder_version=&#8221;4.24.2&#8243; _module_preset=&#8221;default&#8221; global_colors_info=&#8221;{}&#8221;]<\/p>\n<hr \/>\n<h2>\u00a0<\/h2>\n<h2><span style=\"color: #ba3430;\"><strong>JoySpring p\u00e5 Ekebyhovs slott 27 mars 2022<\/strong><\/span><\/h2>\n<p>[\/et_pb_text][et_pb_video src=&#8221;https:\/\/joyspring.se\/public\/wp-content\/uploads\/2022\/06\/very_warm_summer_med_joyspring_apr-22-360p.mp4&#8243; image_src=&#8221;https:\/\/joyspring.se\/public\/wp-content\/uploads\/2022\/06\/Ska\u0308rmavbild-2022-06-19-kl.-13.40.44-1024&#215;572.png&#8221; _builder_version=&#8221;4.17.4&#8243; _module_preset=&#8221;default&#8221; global_colors_info=&#8221;{}&#8221;][\/et_pb_video][et_pb_text _builder_version=&#8221;4.17.4&#8243; _module_preset=&#8221;default&#8221; global_colors_info=&#8221;{}&#8221;]<\/p>\n<p>JoySpring spelar Chris Bendz l\u00e5t Very warm summer p\u00e5 Ekebyhovs s\u00f6ndagscaf\u00e9. Video: Estelle och Morgan Ternow.<\/p>\n<p>[\/et_pb_text][\/et_pb_column][\/et_pb_row][et_pb_row _builder_version=&#8221;4.16&#8243; background_size=&#8221;initial&#8221; background_position=&#8221;top_left&#8221; background_repeat=&#8221;repeat&#8221; global_colors_info=&#8221;{}&#8221;][et_pb_column type=&#8221;4_4&#8243; _builder_version=&#8221;4.16&#8243; custom_padding=&#8221;|||&#8221; global_colors_info=&#8221;{}&#8221; custom_padding__hover=&#8221;|||&#8221;][et_pb_divider color=&#8221;#ba3430&#8243; divider_position=&#8221;bottom&#8221; _builder_version=&#8221;4.24.2&#8243; custom_margin=&#8221;0px||0px||false|false&#8221; custom_padding=&#8221;0px||0px||false|false&#8221; animation_style=&#8221;slide&#8221; z_index_tablet=&#8221;500&#8243; box_shadow_horizontal_tablet=&#8221;0px&#8221; box_shadow_vertical_tablet=&#8221;0px&#8221; box_shadow_blur_tablet=&#8221;40px&#8221; box_shadow_spread_tablet=&#8221;0px&#8221; global_colors_info=&#8221;{}&#8221;][\/et_pb_divider][\/et_pb_column][\/et_pb_row][\/et_pb_section]<\/p>\n","protected":false},"excerpt":{"rendered":"<p>Blandat skryt H\u00e4r kommer lite omd\u00f6men, foton och n\u00e5gon video. JoySpring p\u00e5 Solstugan 14 jui 2023JoySpring spelar James Taylor&#8217;s l\u00e5t Fire and rain p\u00e5 Solstugan, Kristineberg, Stockholm. Video: Morgan Ternow. JoySpring p\u00e5 Hjorthagens jazzklubb 7 juni 2022Chris Bendz och JoySpring tillsammans med inbjudna s\u00e5ngare p\u00e5 iSing Vocal Summit: Ulla Fluur, Helena Rydh och Leena Zeitler. [&hellip;]<\/p>\n","protected":false},"author":1,"featured_media":0,"parent":0,"menu_order":0,"comment_status":"closed","ping_status":"closed","template":"","meta":{"_et_pb_use_builder":"on","_et_pb_old_content":"","_et_gb_content_width":"","footnotes":""},"class_list":["post-369","page","type-page","status-publish","hentry"],"_links":{"self":[{"href":"https:\/\/joyspring.se\/public\/wp-json\/wp\/v2\/pages\/369","targetHints":{"allow":["GET"]}}],"collection":[{"href":"https:\/\/joyspring.se\/public\/wp-json\/wp\/v2\/pages"}],"about":[{"href":"https:\/\/joyspring.se\/public\/wp-json\/wp\/v2\/types\/page"}],"author":[{"embeddable":true,"href":"https:\/\/joyspring.se\/public\/wp-json\/wp\/v2\/users\/1"}],"replies":[{"embeddable":true,"href":"https:\/\/joyspring.se\/public\/wp-json\/wp\/v2\/comments?post=369"}],"version-history":[{"count":31,"href":"https:\/\/joyspring.se\/public\/wp-json\/wp\/v2\/pages\/369\/revisions"}],"predecessor-version":[{"id":717,"href":"https:\/\/joyspring.se\/public\/wp-json\/wp\/v2\/pages\/369\/revisions\/717"}],"wp:attachment":[{"href":"https:\/\/joyspring.se\/public\/wp-json\/wp\/v2\/media?parent=369"}],"curies":[{"name":"wp","href":"https:\/\/api.w.org\/{rel}","templated":true}]}}